{"id":1676,"date":"2025-08-26T16:57:08","date_gmt":"2025-08-26T16:57:08","guid":{"rendered":"https:\/\/tessitura.ch\/T\/?page_id=1676"},"modified":"2025-10-07T19:52:03","modified_gmt":"2025-10-07T19:52:03","slug":"condizioni-generali","status":"publish","type":"page","link":"https:\/\/tessitura.ch\/de\/condizioni-generali\/","title":{"rendered":"Allgemeine Gesch\u00e4ftsbedingungen"},"content":{"rendered":"<div class=\"fusion-fullwidth fullwidth-box fusion-builder-row-1 fusion-flex-container has-pattern-background has-mask-background nonhundred-percent-fullwidth non-hundred-percent-height-scrolling stretto\" style=\"--awb-border-radius-top-left:0px;--awb-border-radius-top-right:0px;--awb-border-radius-bottom-right:0px;--awb-border-radius-bottom-left:0px;--awb-flex-wrap:wrap;\" ><div class=\"fusion-builder-row fusion-row fusion-flex-align-items-flex-start fusion-flex-justify-content-center fusion-flex-content-wrap\" style=\"max-width:1352px;margin-left: calc(-4% \/ 2 );margin-right: calc(-4% \/ 2 );\"><div class=\"fusion-layout-column fusion_builder_column fusion-builder-column-0 fusion_builder_column_2_3 2_3 fusion-flex-column\" style=\"--awb-bg-size:cover;--awb-width-large:66.666666666667%;--awb-margin-top-large:0px;--awb-spacing-right-large:2.88%;--awb-margin-bottom-large:20px;--awb-spacing-left-large:2.88%;--awb-width-medium:66.666666666667%;--awb-order-medium:0;--awb-spacing-right-medium:2.88%;--awb-spacing-left-medium:2.88%;--awb-width-small:100%;--awb-order-small:0;--awb-spacing-right-small:1.92%;--awb-spacing-left-small:1.92%;\" data-scroll-devices=\"small-visibility,medium-visibility,large-visibility\"><div class=\"fusion-column-wrapper fusion-column-has-shadow fusion-flex-justify-content-flex-start fusion-content-layout-column\"><div class=\"fusion-title title fusion-title-1 fusion-sep-none fusion-title-text fusion-title-size-three\" style=\"--awb-margin-top-small:10px;--awb-margin-right-small:0px;--awb-margin-bottom-small:10px;--awb-margin-left-small:0px;\"><h3 class=\"fusion-title-heading title-heading-left\" style=\"margin:0;\"><strong>Allgemeine Gesch\u00e4ftsbedingungen<\/strong><\/h3><\/div><div class=\"fusion-text fusion-text-1\"><h5><strong>1. Bestellung<\/strong><\/h5>\n<p>Bestellen k\u00f6nnen Sie rund um die Uhr \u00fcber diese Web-Site. Sobald Sie die Bestellung ausgel\u00f6st und ein Best\u00e4tigungs-E-Mail mit s\u00e4mtlichen Kosten (bestellter Artikel, Versandkosten) erhalten haben, ist die Bestellung f\u00fcr Sie verbindlich. Sollte ein Artikel nicht verf\u00fcgbar sein, werden wir uns unverz\u00fcglich bei ihnen melden.<\/p>\n<h5><strong>2. Preise<\/strong><\/h5>\n<p>Die Preise sind in Schweizerfranken (CHF) angegeben.<\/p>\n<h5><strong>3. Lieferung \/ Zahlungsbedingungen<\/strong><\/h5>\n<p>F\u00fcr die Lieferung der Ware verrechnen wir die Versandkosten gem\u00e4ss den aktuell g\u00fcltigen Tarifen der Schweizerischen Post.<\/p>\n<h5><strong>4. M\u00e4ngelr\u00fcgen<\/strong><\/h5>\n<p>M\u00e4ngelr\u00fcgen irgendwelcher Art k\u00f6nnen nur ber\u00fccksichtigt werden, wenn sie innerhalb von 5 Tagen nach Erhalt der Ware in schriftlicher Form erfolgen. Handelt es sich um einen Transportschaden, m\u00fcssen Sie sich mit dem Transportunternehmen (Post, SBB, DHL etc.) in Verbindung setzen.<\/p>\n<h5><strong>5. Schlussbestimmungen<\/strong><\/h5>\n<p>a. Anwendbares Recht<br \/>\nIm Falle von Streitigkeiten ist ausschliesslich Schweizer Recht anwendbar.<\/p>\n<p>b. Gerichtsstand<br \/>\nGerichtsstand ist Poschiavo (Schweiz).<\/p>\n<p>Stand dieser Allgemeinen Gesch\u00e4ftsbedingungen: 1.12.2016<\/p>\n<\/div><\/div><\/div><\/div><\/div>\n","protected":false},"excerpt":{"rendered":"","protected":false},"author":2,"featured_media":0,"parent":0,"menu_order":0,"comment_status":"closed","ping_status":"closed","template":"","meta":{"footnotes":""},"class_list":["post-1676","page","type-page","status-publish","hentry"],"yoast_head":"<!-- This site is optimized with the Yoast SEO plugin v27.1.1 - https:\/\/yoast.com\/product\/yoast-seo-wordpress\/ -->\n<title>Allgemeine Gesch\u00e4ftsbedingungen<\/title>\n<meta name=\"robots\" content=\"index, follow, max-snippet:-1, max-image-preview:large, max-video-preview:-1\" \/>\n<link rel=\"canonical\" href=\"https:\/\/tessitura.ch\/de\/condizioni-generali\/\" \/>\n<meta property=\"og:locale\" content=\"de_DE\" \/>\n<meta property=\"og:locale:alternate\" content=\"it_IT\" \/>\n<meta property=\"og:type\" content=\"article\" \/>\n<meta property=\"og:title\" content=\"Allgemeine Gesch\u00e4ftsbedingungen\" \/>\n<meta property=\"og:url\" content=\"https:\/\/tessitura.ch\/de\/condizioni-generali\/\" \/>\n<meta property=\"og:site_name\" content=\"Tessitura Valposchiavo\" \/>\n<meta property=\"article:modified_time\" content=\"2025-10-07T19:52:03+00:00\" \/>\n<meta name=\"twitter:card\" content=\"summary_large_image\" \/>\n<meta name=\"twitter:label1\" content=\"Gesch\u00e4tzte Lesezeit\" \/>\n\t<meta name=\"twitter:data1\" content=\"18\u00a0Minuten\" \/>\n<script type=\"application\/ld+json\" class=\"yoast-schema-graph\">{\"@context\":\"https:\/\/schema.org\",\"@graph\":[{\"@type\":\"WebPage\",\"@id\":\"https:\/\/tessitura.ch\/condizioni-generali\/\",\"url\":\"https:\/\/tessitura.ch\/condizioni-generali\/\",\"name\":\"Allgemeine Gesch\u00e4ftsbedingungen\",\"isPartOf\":{\"@id\":\"https:\/\/tessitura.ch\/#website\"},\"datePublished\":\"2025-08-26T16:57:08+00:00\",\"dateModified\":\"2025-10-07T19:52:03+00:00\",\"breadcrumb\":{\"@id\":\"https:\/\/tessitura.ch\/condizioni-generali\/#breadcrumb\"},\"inLanguage\":\"de-CH\",\"potentialAction\":[{\"@type\":\"ReadAction\",\"target\":[\"https:\/\/tessitura.ch\/condizioni-generali\/\"]}]},{\"@type\":\"BreadcrumbList\",\"@id\":\"https:\/\/tessitura.ch\/condizioni-generali\/#breadcrumb\",\"itemListElement\":[{\"@type\":\"ListItem\",\"position\":1,\"name\":\"Home\",\"item\":\"https:\/\/tessitura.ch\/\"},{\"@type\":\"ListItem\",\"position\":2,\"name\":\"Allgemeine Gesch\u00e4ftsbedingungen\"}]},{\"@type\":\"WebSite\",\"@id\":\"https:\/\/tessitura.ch\/#website\",\"url\":\"https:\/\/tessitura.ch\/\",\"name\":\"Tessitura Valposchiavo\",\"description\":\"\",\"publisher\":{\"@id\":\"https:\/\/tessitura.ch\/#organization\"},\"potentialAction\":[{\"@type\":\"SearchAction\",\"target\":{\"@type\":\"EntryPoint\",\"urlTemplate\":\"https:\/\/tessitura.ch\/?s={search_term_string}\"},\"query-input\":{\"@type\":\"PropertyValueSpecification\",\"valueRequired\":true,\"valueName\":\"search_term_string\"}}],\"inLanguage\":\"de-CH\"},{\"@type\":\"Organization\",\"@id\":\"https:\/\/tessitura.ch\/#organization\",\"name\":\"Tessitura Valposchiavo\",\"url\":\"https:\/\/tessitura.ch\/\",\"logo\":{\"@type\":\"ImageObject\",\"inLanguage\":\"de-CH\",\"@id\":\"https:\/\/tessitura.ch\/#\/schema\/logo\/image\/\",\"url\":\"https:\/\/tessitura.ch\/wp-content\/uploads\/LogoTessitura_rosso-1.png\",\"contentUrl\":\"https:\/\/tessitura.ch\/wp-content\/uploads\/LogoTessitura_rosso-1.png\",\"width\":1706,\"height\":334,\"caption\":\"Tessitura Valposchiavo\"},\"image\":{\"@id\":\"https:\/\/tessitura.ch\/#\/schema\/logo\/image\/\"},\"sameAs\":[\"https:\/\/www.instagram.com\/tessituravalposchiavo\/\"]}]}<\/script>\n<!-- \/ Yoast SEO plugin. -->","yoast_head_json":{"title":"Allgemeine Gesch\u00e4ftsbedingungen","robots":{"index":"index","follow":"follow","max-snippet":"max-snippet:-1","max-image-preview":"max-image-preview:large","max-video-preview":"max-video-preview:-1"},"canonical":"https:\/\/tessitura.ch\/de\/condizioni-generali\/","og_locale":"de_DE","og_type":"article","og_title":"[:de]Allgemeine Gesch\u00e4ftsbedingungen[:it]Condizioni generali[:] - Tessitura Valposchiavo","og_url":"https:\/\/tessitura.ch\/de\/condizioni-generali\/","og_site_name":"Tessitura Valposchiavo","article_modified_time":"2025-10-07T19:52:03+00:00","twitter_card":"summary_large_image","twitter_misc":{"Gesch\u00e4tzte Lesezeit":"18\u00a0Minuten"},"schema":{"@context":"https:\/\/schema.org","@graph":[{"@type":"WebPage","@id":"https:\/\/tessitura.ch\/condizioni-generali\/","url":"https:\/\/tessitura.ch\/condizioni-generali\/","name":"Allgemeine Gesch\u00e4ftsbedingungen","isPartOf":{"@id":"https:\/\/tessitura.ch\/#website"},"datePublished":"2025-08-26T16:57:08+00:00","dateModified":"2025-10-07T19:52:03+00:00","breadcrumb":{"@id":"https:\/\/tessitura.ch\/condizioni-generali\/#breadcrumb"},"inLanguage":"de-CH","potentialAction":[{"@type":"ReadAction","target":["https:\/\/tessitura.ch\/condizioni-generali\/"]}]},{"@type":"BreadcrumbList","@id":"https:\/\/tessitura.ch\/condizioni-generali\/#breadcrumb","itemListElement":[{"@type":"ListItem","position":1,"name":"Home","item":"https:\/\/tessitura.ch\/"},{"@type":"ListItem","position":2,"name":"Allgemeine Gesch\u00e4ftsbedingungen"}]},{"@type":"WebSite","@id":"https:\/\/tessitura.ch\/#website","url":"https:\/\/tessitura.ch\/","name":"Tessitura Valposchiavo","description":"","publisher":{"@id":"https:\/\/tessitura.ch\/#organization"},"potentialAction":[{"@type":"SearchAction","target":{"@type":"EntryPoint","urlTemplate":"https:\/\/tessitura.ch\/?s={search_term_string}"},"query-input":{"@type":"PropertyValueSpecification","valueRequired":true,"valueName":"search_term_string"}}],"inLanguage":"de-CH"},{"@type":"Organization","@id":"https:\/\/tessitura.ch\/#organization","name":"Tessitura Valposchiavo","url":"https:\/\/tessitura.ch\/","logo":{"@type":"ImageObject","inLanguage":"de-CH","@id":"https:\/\/tessitura.ch\/#\/schema\/logo\/image\/","url":"https:\/\/tessitura.ch\/wp-content\/uploads\/LogoTessitura_rosso-1.png","contentUrl":"https:\/\/tessitura.ch\/wp-content\/uploads\/LogoTessitura_rosso-1.png","width":1706,"height":334,"caption":"Tessitura Valposchiavo"},"image":{"@id":"https:\/\/tessitura.ch\/#\/schema\/logo\/image\/"},"sameAs":["https:\/\/www.instagram.com\/tessituravalposchiavo\/"]}]}},"_links":{"self":[{"href":"https:\/\/tessitura.ch\/de\/wp-json\/wp\/v2\/pages\/1676","targetHints":{"allow":["GET"]}}],"collection":[{"href":"https:\/\/tessitura.ch\/de\/wp-json\/wp\/v2\/pages"}],"about":[{"href":"https:\/\/tessitura.ch\/de\/wp-json\/wp\/v2\/types\/page"}],"author":[{"embeddable":true,"href":"https:\/\/tessitura.ch\/de\/wp-json\/wp\/v2\/users\/2"}],"replies":[{"embeddable":true,"href":"https:\/\/tessitura.ch\/de\/wp-json\/wp\/v2\/comments?post=1676"}],"version-history":[{"count":15,"href":"https:\/\/tessitura.ch\/de\/wp-json\/wp\/v2\/pages\/1676\/revisions"}],"predecessor-version":[{"id":1938,"href":"https:\/\/tessitura.ch\/de\/wp-json\/wp\/v2\/pages\/1676\/revisions\/1938"}],"wp:attachment":[{"href":"https:\/\/tessitura.ch\/de\/wp-json\/wp\/v2\/media?parent=1676"}],"curies":[{"name":"wp","href":"https:\/\/api.w.org\/{rel}","templated":true}]}}