{"id":1059,"date":"2025-08-27T11:18:56","date_gmt":"2025-08-27T09:18:56","guid":{"rendered":"https:\/\/tessitura.ch\/T\/?post_type=product&#038;p=1059"},"modified":"2026-03-03T15:35:10","modified_gmt":"2026-03-03T14:35:10","slug":"asciugamano","status":"publish","type":"product","link":"https:\/\/tessitura.ch\/de\/prodotto\/asciugamano\/","title":{"rendered":"Handtuch"},"content":{"rendered":"","protected":false},"excerpt":{"rendered":"<p>Handtuch, inspiriert von den leuchtenden <strong>Farben der Natur im Valposchiavo<\/strong>. Die Zusammensetzung aus 100% Baumwolle und die saugf\u00e4hige Struktur machen es weich und sanft zur Haut. Das elegante Design weist unterschiedliche Muster auf der Vorder- und R\u00fcckseite auf. Um seine Anwendung noch effizient zu machen, <strong>wurde jedes Produkt bereits einer ersten W\u00e4sche unterzogen<\/strong>.<\/p>\n<p>Material: 100% Baumwolle<br \/>\nGgr\u00f6sse: 50 cm x 100 cm<\/p>\n","protected":false},"featured_media":1061,"template":"","meta":[],"product_brand":[],"product_cat":[99,33,67],"product_tag":[],"class_list":{"0":"post-1059","1":"product","2":"type-product","3":"status-publish","4":"has-post-thumbnail","6":"product_cat-all","7":"product_cat-bagno","8":"product_cat-i-colori-della-valle","10":"first","11":"instock","12":"shipping-taxable","13":"purchasable","14":"product-type-variable"},"yoast_head":"<!-- This site is optimized with the Yoast SEO plugin v27.1.1 - https:\/\/yoast.com\/product\/yoast-seo-wordpress\/ -->\n<title>Handtuch<\/title>\n<meta name=\"robots\" content=\"index, follow, max-snippet:-1, max-image-preview:large, max-video-preview:-1\" \/>\n<link rel=\"canonical\" href=\"https:\/\/tessitura.ch\/de\/prodotto\/asciugamano\/\" \/>\n<meta property=\"og:locale\" content=\"de_DE\" \/>\n<meta property=\"og:locale:alternate\" content=\"it_IT\" \/>\n<meta property=\"og:type\" content=\"article\" \/>\n<meta property=\"og:title\" content=\"Handtuch\" \/>\n<meta property=\"og:description\" content=\"Handtuch, inspiriert von den leuchtenden Farben der Natur im Valposchiavo. Die Zusammensetzung aus 100% Baumwolle und die saugf\u00e4hige Struktur machen es weich und sanft zur Haut. Das elegante Design weist unterschiedliche Muster auf der Vorder- und R\u00fcckseite auf. Um seine Anwendung noch effizient zu machen, wurde jedes Produkt bereits einer ersten W\u00e4sche unterzogen.  Material: 100% Baumwolle Ggr\u00f6sse: 50 cm x 100 cm\" \/>\n<meta property=\"og:url\" content=\"https:\/\/tessitura.ch\/de\/prodotto\/asciugamano\/\" \/>\n<meta property=\"og:site_name\" content=\"Tessitura Valposchiavo\" \/>\n<meta property=\"article:modified_time\" content=\"2026-03-03T14:35:10+00:00\" \/>\n<meta property=\"og:image\" content=\"https:\/\/tessitura.ch\/wp-content\/uploads\/asc-medio-blu-cover.jpg\" \/>\n\t<meta property=\"og:image:width\" content=\"1000\" \/>\n\t<meta property=\"og:image:height\" content=\"1000\" \/>\n\t<meta property=\"og:image:type\" content=\"image\/jpeg\" \/>\n<meta name=\"twitter:card\" content=\"summary_large_image\" \/>\n<meta name=\"twitter:label1\" content=\"Gesch\u00e4tzte Lesezeit\" \/>\n\t<meta name=\"twitter:data1\" content=\"1\u00a0Minute\" \/>\n<script type=\"application\/ld+json\" class=\"yoast-schema-graph\">{\"@context\":\"https:\/\/schema.org\",\"@graph\":[{\"@type\":\"WebPage\",\"@id\":\"https:\/\/tessitura.ch\/prodotto\/asciugamano\/\",\"url\":\"https:\/\/tessitura.ch\/prodotto\/asciugamano\/\",\"name\":\"Handtuch\",\"isPartOf\":{\"@id\":\"https:\/\/tessitura.ch\/#website\"},\"primaryImageOfPage\":{\"@id\":\"https:\/\/tessitura.ch\/prodotto\/asciugamano\/#primaryimage\"},\"image\":{\"@id\":\"https:\/\/tessitura.ch\/prodotto\/asciugamano\/#primaryimage\"},\"thumbnailUrl\":\"https:\/\/tessitura.ch\/wp-content\/uploads\/asc-medio-blu-cover.jpg\",\"datePublished\":\"2025-08-27T09:18:56+00:00\",\"dateModified\":\"2026-03-03T14:35:10+00:00\",\"breadcrumb\":{\"@id\":\"https:\/\/tessitura.ch\/prodotto\/asciugamano\/#breadcrumb\"},\"inLanguage\":\"de-CH\",\"potentialAction\":[{\"@type\":\"ReadAction\",\"target\":[\"https:\/\/tessitura.ch\/prodotto\/asciugamano\/\"]}]},{\"@type\":\"ImageObject\",\"inLanguage\":\"de-CH\",\"@id\":\"https:\/\/tessitura.ch\/prodotto\/asciugamano\/#primaryimage\",\"url\":\"https:\/\/tessitura.ch\/wp-content\/uploads\/asc-medio-blu-cover.jpg\",\"contentUrl\":\"https:\/\/tessitura.ch\/wp-content\/uploads\/asc-medio-blu-cover.jpg\",\"width\":1000,\"height\":1000},{\"@type\":\"BreadcrumbList\",\"@id\":\"https:\/\/tessitura.ch\/prodotto\/asciugamano\/#breadcrumb\",\"itemListElement\":[{\"@type\":\"ListItem\",\"position\":1,\"name\":\"Home\",\"item\":\"https:\/\/tessitura.ch\/\"},{\"@type\":\"ListItem\",\"position\":2,\"name\":\"Prodotti\",\"item\":\"https:\/\/tessitura.ch\/prodotti\/\"},{\"@type\":\"ListItem\",\"position\":3,\"name\":\"Asciugamano\"}]},{\"@type\":\"WebSite\",\"@id\":\"https:\/\/tessitura.ch\/#website\",\"url\":\"https:\/\/tessitura.ch\/\",\"name\":\"Tessitura Valposchiavo\",\"description\":\"\",\"publisher\":{\"@id\":\"https:\/\/tessitura.ch\/#organization\"},\"potentialAction\":[{\"@type\":\"SearchAction\",\"target\":{\"@type\":\"EntryPoint\",\"urlTemplate\":\"https:\/\/tessitura.ch\/?s={search_term_string}\"},\"query-input\":{\"@type\":\"PropertyValueSpecification\",\"valueRequired\":true,\"valueName\":\"search_term_string\"}}],\"inLanguage\":\"de-CH\"},{\"@type\":\"Organization\",\"@id\":\"https:\/\/tessitura.ch\/#organization\",\"name\":\"Tessitura Valposchiavo\",\"url\":\"https:\/\/tessitura.ch\/\",\"logo\":{\"@type\":\"ImageObject\",\"inLanguage\":\"de-CH\",\"@id\":\"https:\/\/tessitura.ch\/#\/schema\/logo\/image\/\",\"url\":\"https:\/\/tessitura.ch\/wp-content\/uploads\/LogoTessitura_rosso-1.png\",\"contentUrl\":\"https:\/\/tessitura.ch\/wp-content\/uploads\/LogoTessitura_rosso-1.png\",\"width\":1706,\"height\":334,\"caption\":\"Tessitura Valposchiavo\"},\"image\":{\"@id\":\"https:\/\/tessitura.ch\/#\/schema\/logo\/image\/\"},\"sameAs\":[\"https:\/\/www.instagram.com\/tessituravalposchiavo\/\"]}]}<\/script>\n<!-- \/ Yoast SEO plugin. -->","yoast_head_json":{"title":"Handtuch","robots":{"index":"index","follow":"follow","max-snippet":"max-snippet:-1","max-image-preview":"max-image-preview:large","max-video-preview":"max-video-preview:-1"},"canonical":"https:\/\/tessitura.ch\/de\/prodotto\/asciugamano\/","og_locale":"de_DE","og_type":"article","og_title":"[:de]Handtuch[:it]Asciugamano[:] - Tessitura Valposchiavo","og_description":"Handtuch, inspiriert von den leuchtenden Farben der Natur im Valposchiavo. Die Zusammensetzung aus 100% Baumwolle und die saugf\u00e4hige Struktur machen es weich und sanft zur Haut. Das elegante Design weist unterschiedliche Muster auf der Vorder- und R\u00fcckseite auf. Um seine Anwendung noch effizient zu machen, wurde jedes Produkt bereits einer ersten W\u00e4sche unterzogen.  Material: 100% Baumwolle Ggr\u00f6sse: 50 cm x 100 cm","og_url":"https:\/\/tessitura.ch\/de\/prodotto\/asciugamano\/","og_site_name":"Tessitura Valposchiavo","article_modified_time":"2026-03-03T14:35:10+00:00","og_image":[{"width":1000,"height":1000,"url":"https:\/\/tessitura.ch\/wp-content\/uploads\/asc-medio-blu-cover.jpg","type":"image\/jpeg"}],"twitter_card":"summary_large_image","twitter_misc":{"Gesch\u00e4tzte Lesezeit":"1\u00a0Minute"},"schema":{"@context":"https:\/\/schema.org","@graph":[{"@type":"WebPage","@id":"https:\/\/tessitura.ch\/prodotto\/asciugamano\/","url":"https:\/\/tessitura.ch\/prodotto\/asciugamano\/","name":"Handtuch","isPartOf":{"@id":"https:\/\/tessitura.ch\/#website"},"primaryImageOfPage":{"@id":"https:\/\/tessitura.ch\/prodotto\/asciugamano\/#primaryimage"},"image":{"@id":"https:\/\/tessitura.ch\/prodotto\/asciugamano\/#primaryimage"},"thumbnailUrl":"https:\/\/tessitura.ch\/wp-content\/uploads\/asc-medio-blu-cover.jpg","datePublished":"2025-08-27T09:18:56+00:00","dateModified":"2026-03-03T14:35:10+00:00","breadcrumb":{"@id":"https:\/\/tessitura.ch\/prodotto\/asciugamano\/#breadcrumb"},"inLanguage":"de-CH","potentialAction":[{"@type":"ReadAction","target":["https:\/\/tessitura.ch\/prodotto\/asciugamano\/"]}]},{"@type":"ImageObject","inLanguage":"de-CH","@id":"https:\/\/tessitura.ch\/prodotto\/asciugamano\/#primaryimage","url":"https:\/\/tessitura.ch\/wp-content\/uploads\/asc-medio-blu-cover.jpg","contentUrl":"https:\/\/tessitura.ch\/wp-content\/uploads\/asc-medio-blu-cover.jpg","width":1000,"height":1000},{"@type":"BreadcrumbList","@id":"https:\/\/tessitura.ch\/prodotto\/asciugamano\/#breadcrumb","itemListElement":[{"@type":"ListItem","position":1,"name":"Home","item":"https:\/\/tessitura.ch\/"},{"@type":"ListItem","position":2,"name":"Prodotti","item":"https:\/\/tessitura.ch\/prodotti\/"},{"@type":"ListItem","position":3,"name":"Asciugamano"}]},{"@type":"WebSite","@id":"https:\/\/tessitura.ch\/#website","url":"https:\/\/tessitura.ch\/","name":"Tessitura Valposchiavo","description":"","publisher":{"@id":"https:\/\/tessitura.ch\/#organization"},"potentialAction":[{"@type":"SearchAction","target":{"@type":"EntryPoint","urlTemplate":"https:\/\/tessitura.ch\/?s={search_term_string}"},"query-input":{"@type":"PropertyValueSpecification","valueRequired":true,"valueName":"search_term_string"}}],"inLanguage":"de-CH"},{"@type":"Organization","@id":"https:\/\/tessitura.ch\/#organization","name":"Tessitura Valposchiavo","url":"https:\/\/tessitura.ch\/","logo":{"@type":"ImageObject","inLanguage":"de-CH","@id":"https:\/\/tessitura.ch\/#\/schema\/logo\/image\/","url":"https:\/\/tessitura.ch\/wp-content\/uploads\/LogoTessitura_rosso-1.png","contentUrl":"https:\/\/tessitura.ch\/wp-content\/uploads\/LogoTessitura_rosso-1.png","width":1706,"height":334,"caption":"Tessitura Valposchiavo"},"image":{"@id":"https:\/\/tessitura.ch\/#\/schema\/logo\/image\/"},"sameAs":["https:\/\/www.instagram.com\/tessituravalposchiavo\/"]}]}},"_links":{"self":[{"href":"https:\/\/tessitura.ch\/de\/wp-json\/wp\/v2\/product\/1059","targetHints":{"allow":["GET"]}}],"collection":[{"href":"https:\/\/tessitura.ch\/de\/wp-json\/wp\/v2\/product"}],"about":[{"href":"https:\/\/tessitura.ch\/de\/wp-json\/wp\/v2\/types\/product"}],"wp:featuredmedia":[{"embeddable":true,"href":"https:\/\/tessitura.ch\/de\/wp-json\/wp\/v2\/media\/1061"}],"wp:attachment":[{"href":"https:\/\/tessitura.ch\/de\/wp-json\/wp\/v2\/media?parent=1059"}],"wp:term":[{"taxonomy":"product_brand","embeddable":true,"href":"https:\/\/tessitura.ch\/de\/wp-json\/wp\/v2\/product_brand?post=1059"},{"taxonomy":"product_cat","embeddable":true,"href":"https:\/\/tessitura.ch\/de\/wp-json\/wp\/v2\/product_cat?post=1059"},{"taxonomy":"product_tag","embeddable":true,"href":"https:\/\/tessitura.ch\/de\/wp-json\/wp\/v2\/product_tag?post=1059"}],"curies":[{"name":"wp","href":"https:\/\/api.w.org\/{rel}","templated":true}]}}