{"id":1624,"date":"2025-08-26T15:15:40","date_gmt":"2025-08-26T15:15:40","guid":{"rendered":"https:\/\/tessitura.ch\/T\/?post_type=product&#038;p=1624"},"modified":"2025-08-26T16:42:28","modified_gmt":"2025-08-26T16:42:28","slug":"tovagliolo-casa-tome","status":"publish","type":"product","link":"https:\/\/tessitura.ch\/de\/prodotto\/tovagliolo-casa-tome\/","title":{"rendered":"Serviette Casa Tom\u00e8"},"content":{"rendered":"","protected":false},"excerpt":{"rendered":"<p>Rustikale Serviette aus reinem Leinen mit traditionellem Casa Tom\u00e9-Motiv.<\/p>\n<p>Materiale: Reines Leinen<br \/>\nDimensioni: 40 x 40 cm<\/p>\n","protected":false},"featured_media":1625,"template":"","meta":[],"product_brand":[],"product_cat":[99,235,52],"product_tag":[],"class_list":{"0":"post-1624","1":"product","2":"type-product","3":"status-publish","4":"has-post-thumbnail","6":"product_cat-all","7":"product_cat-tavola","8":"product_cat-casa-tome","10":"first","11":"instock","12":"shipping-taxable","13":"purchasable","14":"product-type-variable"},"yoast_head":"<!-- This site is optimized with the Yoast SEO plugin v27.1.1 - https:\/\/yoast.com\/product\/yoast-seo-wordpress\/ -->\n<title>Serviette Casa Tom\u00e8<\/title>\n<meta name=\"robots\" content=\"index, follow, max-snippet:-1, max-image-preview:large, max-video-preview:-1\" \/>\n<link rel=\"canonical\" href=\"https:\/\/tessitura.ch\/de\/prodotto\/tovagliolo-casa-tome\/\" \/>\n<meta property=\"og:locale\" content=\"de_DE\" \/>\n<meta property=\"og:locale:alternate\" content=\"it_IT\" \/>\n<meta property=\"og:type\" content=\"article\" \/>\n<meta property=\"og:title\" content=\"Serviette Casa Tom\u00e8\" \/>\n<meta property=\"og:description\" content=\"Rustikale Serviette aus reinem Leinen mit traditionellem Casa Tom\u00e9-Motiv.  Materiale: Reines Leinen Dimensioni: 40 x 40 cm\" \/>\n<meta property=\"og:url\" content=\"https:\/\/tessitura.ch\/de\/prodotto\/tovagliolo-casa-tome\/\" \/>\n<meta property=\"og:site_name\" content=\"Tessitura Valposchiavo\" \/>\n<meta property=\"article:modified_time\" content=\"2025-08-26T16:42:28+00:00\" \/>\n<meta property=\"og:image\" content=\"https:\/\/tessitura.ch\/wp-content\/uploads\/tovagliolo-casa-tome-cover.jpg\" \/>\n\t<meta property=\"og:image:width\" content=\"1600\" \/>\n\t<meta property=\"og:image:height\" content=\"1600\" \/>\n\t<meta property=\"og:image:type\" content=\"image\/jpeg\" \/>\n<meta name=\"twitter:card\" content=\"summary_large_image\" \/>\n<script type=\"application\/ld+json\" class=\"yoast-schema-graph\">{\"@context\":\"https:\/\/schema.org\",\"@graph\":[{\"@type\":\"WebPage\",\"@id\":\"https:\/\/tessitura.ch\/prodotto\/tovagliolo-casa-tome\/\",\"url\":\"https:\/\/tessitura.ch\/prodotto\/tovagliolo-casa-tome\/\",\"name\":\"Serviette Casa Tom\u00e8\",\"isPartOf\":{\"@id\":\"https:\/\/tessitura.ch\/#website\"},\"primaryImageOfPage\":{\"@id\":\"https:\/\/tessitura.ch\/prodotto\/tovagliolo-casa-tome\/#primaryimage\"},\"image\":{\"@id\":\"https:\/\/tessitura.ch\/prodotto\/tovagliolo-casa-tome\/#primaryimage\"},\"thumbnailUrl\":\"https:\/\/tessitura.ch\/wp-content\/uploads\/tovagliolo-casa-tome-cover.jpg\",\"datePublished\":\"2025-08-26T15:15:40+00:00\",\"dateModified\":\"2025-08-26T16:42:28+00:00\",\"breadcrumb\":{\"@id\":\"https:\/\/tessitura.ch\/prodotto\/tovagliolo-casa-tome\/#breadcrumb\"},\"inLanguage\":\"de-CH\",\"potentialAction\":[{\"@type\":\"ReadAction\",\"target\":[\"https:\/\/tessitura.ch\/prodotto\/tovagliolo-casa-tome\/\"]}]},{\"@type\":\"ImageObject\",\"inLanguage\":\"de-CH\",\"@id\":\"https:\/\/tessitura.ch\/prodotto\/tovagliolo-casa-tome\/#primaryimage\",\"url\":\"https:\/\/tessitura.ch\/wp-content\/uploads\/tovagliolo-casa-tome-cover.jpg\",\"contentUrl\":\"https:\/\/tessitura.ch\/wp-content\/uploads\/tovagliolo-casa-tome-cover.jpg\",\"width\":1600,\"height\":1600},{\"@type\":\"BreadcrumbList\",\"@id\":\"https:\/\/tessitura.ch\/prodotto\/tovagliolo-casa-tome\/#breadcrumb\",\"itemListElement\":[{\"@type\":\"ListItem\",\"position\":1,\"name\":\"Home\",\"item\":\"https:\/\/tessitura.ch\/\"},{\"@type\":\"ListItem\",\"position\":2,\"name\":\"Prodotti\",\"item\":\"https:\/\/tessitura.ch\/prodotti\/\"},{\"@type\":\"ListItem\",\"position\":3,\"name\":\"Serviette Casa Tom\u00e8\"}]},{\"@type\":\"WebSite\",\"@id\":\"https:\/\/tessitura.ch\/#website\",\"url\":\"https:\/\/tessitura.ch\/\",\"name\":\"Tessitura Valposchiavo\",\"description\":\"\",\"publisher\":{\"@id\":\"https:\/\/tessitura.ch\/#organization\"},\"potentialAction\":[{\"@type\":\"SearchAction\",\"target\":{\"@type\":\"EntryPoint\",\"urlTemplate\":\"https:\/\/tessitura.ch\/?s={search_term_string}\"},\"query-input\":{\"@type\":\"PropertyValueSpecification\",\"valueRequired\":true,\"valueName\":\"search_term_string\"}}],\"inLanguage\":\"de-CH\"},{\"@type\":\"Organization\",\"@id\":\"https:\/\/tessitura.ch\/#organization\",\"name\":\"Tessitura Valposchiavo\",\"url\":\"https:\/\/tessitura.ch\/\",\"logo\":{\"@type\":\"ImageObject\",\"inLanguage\":\"de-CH\",\"@id\":\"https:\/\/tessitura.ch\/#\/schema\/logo\/image\/\",\"url\":\"https:\/\/tessitura.ch\/wp-content\/uploads\/LogoTessitura_rosso-1.png\",\"contentUrl\":\"https:\/\/tessitura.ch\/wp-content\/uploads\/LogoTessitura_rosso-1.png\",\"width\":1706,\"height\":334,\"caption\":\"Tessitura Valposchiavo\"},\"image\":{\"@id\":\"https:\/\/tessitura.ch\/#\/schema\/logo\/image\/\"},\"sameAs\":[\"https:\/\/www.instagram.com\/tessituravalposchiavo\/\"]}]}<\/script>\n<!-- \/ Yoast SEO plugin. -->","yoast_head_json":{"title":"Serviette Casa Tom\u00e8","robots":{"index":"index","follow":"follow","max-snippet":"max-snippet:-1","max-image-preview":"max-image-preview:large","max-video-preview":"max-video-preview:-1"},"canonical":"https:\/\/tessitura.ch\/de\/prodotto\/tovagliolo-casa-tome\/","og_locale":"de_DE","og_type":"article","og_title":"[:de]Serviette Casa Tom\u00e8[:it]Tovagliolo Casa Tom\u00e8[:] - Tessitura Valposchiavo","og_description":"Rustikale Serviette aus reinem Leinen mit traditionellem Casa Tom\u00e9-Motiv.  Materiale: Reines Leinen Dimensioni: 40 x 40 cm","og_url":"https:\/\/tessitura.ch\/de\/prodotto\/tovagliolo-casa-tome\/","og_site_name":"Tessitura Valposchiavo","article_modified_time":"2025-08-26T16:42:28+00:00","og_image":[{"width":1600,"height":1600,"url":"https:\/\/tessitura.ch\/wp-content\/uploads\/tovagliolo-casa-tome-cover.jpg","type":"image\/jpeg"}],"twitter_card":"summary_large_image","schema":{"@context":"https:\/\/schema.org","@graph":[{"@type":"WebPage","@id":"https:\/\/tessitura.ch\/prodotto\/tovagliolo-casa-tome\/","url":"https:\/\/tessitura.ch\/prodotto\/tovagliolo-casa-tome\/","name":"Serviette Casa Tom\u00e8","isPartOf":{"@id":"https:\/\/tessitura.ch\/#website"},"primaryImageOfPage":{"@id":"https:\/\/tessitura.ch\/prodotto\/tovagliolo-casa-tome\/#primaryimage"},"image":{"@id":"https:\/\/tessitura.ch\/prodotto\/tovagliolo-casa-tome\/#primaryimage"},"thumbnailUrl":"https:\/\/tessitura.ch\/wp-content\/uploads\/tovagliolo-casa-tome-cover.jpg","datePublished":"2025-08-26T15:15:40+00:00","dateModified":"2025-08-26T16:42:28+00:00","breadcrumb":{"@id":"https:\/\/tessitura.ch\/prodotto\/tovagliolo-casa-tome\/#breadcrumb"},"inLanguage":"de-CH","potentialAction":[{"@type":"ReadAction","target":["https:\/\/tessitura.ch\/prodotto\/tovagliolo-casa-tome\/"]}]},{"@type":"ImageObject","inLanguage":"de-CH","@id":"https:\/\/tessitura.ch\/prodotto\/tovagliolo-casa-tome\/#primaryimage","url":"https:\/\/tessitura.ch\/wp-content\/uploads\/tovagliolo-casa-tome-cover.jpg","contentUrl":"https:\/\/tessitura.ch\/wp-content\/uploads\/tovagliolo-casa-tome-cover.jpg","width":1600,"height":1600},{"@type":"BreadcrumbList","@id":"https:\/\/tessitura.ch\/prodotto\/tovagliolo-casa-tome\/#breadcrumb","itemListElement":[{"@type":"ListItem","position":1,"name":"Home","item":"https:\/\/tessitura.ch\/"},{"@type":"ListItem","position":2,"name":"Prodotti","item":"https:\/\/tessitura.ch\/prodotti\/"},{"@type":"ListItem","position":3,"name":"Serviette Casa Tom\u00e8"}]},{"@type":"WebSite","@id":"https:\/\/tessitura.ch\/#website","url":"https:\/\/tessitura.ch\/","name":"Tessitura Valposchiavo","description":"","publisher":{"@id":"https:\/\/tessitura.ch\/#organization"},"potentialAction":[{"@type":"SearchAction","target":{"@type":"EntryPoint","urlTemplate":"https:\/\/tessitura.ch\/?s={search_term_string}"},"query-input":{"@type":"PropertyValueSpecification","valueRequired":true,"valueName":"search_term_string"}}],"inLanguage":"de-CH"},{"@type":"Organization","@id":"https:\/\/tessitura.ch\/#organization","name":"Tessitura Valposchiavo","url":"https:\/\/tessitura.ch\/","logo":{"@type":"ImageObject","inLanguage":"de-CH","@id":"https:\/\/tessitura.ch\/#\/schema\/logo\/image\/","url":"https:\/\/tessitura.ch\/wp-content\/uploads\/LogoTessitura_rosso-1.png","contentUrl":"https:\/\/tessitura.ch\/wp-content\/uploads\/LogoTessitura_rosso-1.png","width":1706,"height":334,"caption":"Tessitura Valposchiavo"},"image":{"@id":"https:\/\/tessitura.ch\/#\/schema\/logo\/image\/"},"sameAs":["https:\/\/www.instagram.com\/tessituravalposchiavo\/"]}]}},"_links":{"self":[{"href":"https:\/\/tessitura.ch\/de\/wp-json\/wp\/v2\/product\/1624","targetHints":{"allow":["GET"]}}],"collection":[{"href":"https:\/\/tessitura.ch\/de\/wp-json\/wp\/v2\/product"}],"about":[{"href":"https:\/\/tessitura.ch\/de\/wp-json\/wp\/v2\/types\/product"}],"wp:featuredmedia":[{"embeddable":true,"href":"https:\/\/tessitura.ch\/de\/wp-json\/wp\/v2\/media\/1625"}],"wp:attachment":[{"href":"https:\/\/tessitura.ch\/de\/wp-json\/wp\/v2\/media?parent=1624"}],"wp:term":[{"taxonomy":"product_brand","embeddable":true,"href":"https:\/\/tessitura.ch\/de\/wp-json\/wp\/v2\/product_brand?post=1624"},{"taxonomy":"product_cat","embeddable":true,"href":"https:\/\/tessitura.ch\/de\/wp-json\/wp\/v2\/product_cat?post=1624"},{"taxonomy":"product_tag","embeddable":true,"href":"https:\/\/tessitura.ch\/de\/wp-json\/wp\/v2\/product_tag?post=1624"}],"curies":[{"name":"wp","href":"https:\/\/api.w.org\/{rel}","templated":true}]}}