{"id":530,"date":"2024-12-12T16:56:51","date_gmt":"2024-12-12T16:56:51","guid":{"rendered":"https:\/\/tessitura.ch\/T\/?post_type=product&#038;p=530"},"modified":"2026-02-23T16:05:56","modified_gmt":"2026-02-23T15:05:56","slug":"puro-lino-casa-tome","status":"publish","type":"product","link":"https:\/\/tessitura.ch\/de\/prodotto\/puro-lino-casa-tome\/","title":{"rendered":"Reines Leinen Casa Tom\u00e9"},"content":{"rendered":"","protected":false},"excerpt":{"rendered":"<p>Fr\u00fcher hielten Ehe und Leinen ein Leben lang. Wenn die Stoffe ausgefranst waren, wurden sie zerschnitten und wieder zusammengen\u00e4ht. Aus den verbleibenden St\u00fccken wurden Handt\u00fccher und aus diesen K\u00fcchent\u00fcchern hergestellt.<\/p>\n<p>Eines dieser St\u00fccke wurde im Haus der Schwestern Luigia und Marina Tom\u00e9 gefunden. Die beiden Frauen blieben unverheiratet, verbrauchten aber ihre Aussteuer bis auf das letzte St\u00fcck Stoff. Ihr Haus ist heute ein Museum. Der wiederentdeckte Stoff wird in den R\u00e4umen unserer Weberei ausgestellt und dient als Vorlage f\u00fcr die Linie \u201eCasa Tom\u00e9\u201c. Diese Stoffe werden als Tisch- und K\u00fcchenw\u00e4sche verwendet.<\/p>\n<p>Material: Reines Leinen<br \/>\nBreite: 178 cm<br \/>\nCHF 366.00\/Meter<\/p>\n","protected":false},"featured_media":667,"template":"","meta":[],"product_brand":[],"product_cat":[99,34,52],"product_tag":[],"class_list":{"0":"post-530","1":"product","2":"type-product","3":"status-publish","4":"has-post-thumbnail","6":"product_cat-all","7":"product_cat-stoffe-al-metro","8":"product_cat-casa-tome","10":"first","11":"instock","12":"shipping-taxable","13":"purchasable","14":"product-type-variable"},"yoast_head":"<!-- This site is optimized with the Yoast SEO plugin v27.1.1 - https:\/\/yoast.com\/product\/yoast-seo-wordpress\/ -->\n<title>Reines Leinen Casa Tom\u00e9<\/title>\n<meta name=\"robots\" content=\"index, follow, max-snippet:-1, max-image-preview:large, max-video-preview:-1\" \/>\n<link rel=\"canonical\" href=\"https:\/\/tessitura.ch\/de\/prodotto\/puro-lino-casa-tome\/\" \/>\n<meta property=\"og:locale\" content=\"de_DE\" \/>\n<meta property=\"og:locale:alternate\" content=\"it_IT\" \/>\n<meta property=\"og:type\" content=\"article\" \/>\n<meta property=\"og:title\" content=\"Reines Leinen Casa Tom\u00e9\" \/>\n<meta property=\"og:description\" content=\"Fr\u00fcher hielten Ehe und Leinen ein Leben lang. Wenn die Stoffe ausgefranst waren, wurden sie zerschnitten und wieder zusammengen\u00e4ht. Aus den verbleibenden St\u00fccken wurden Handt\u00fccher und aus diesen K\u00fcchent\u00fcchern hergestellt.  Eines dieser St\u00fccke wurde im Haus der Schwestern Luigia und Marina Tom\u00e9 gefunden. Die beiden Frauen blieben unverheiratet, verbrauchten aber ihre Aussteuer bis auf das letzte St\u00fcck Stoff. Ihr Haus ist heute ein Museum. Der wiederentdeckte Stoff wird in den R\u00e4umen unserer Weberei ausgestellt und dient als Vorlage f\u00fcr die Linie \u201eCasa Tom\u00e9\u201c. Diese Stoffe werden als Tisch- und K\u00fcchenw\u00e4sche verwendet.  Material: Reines Leinen Breite: 178 cm CHF 366.00\/Meter\" \/>\n<meta property=\"og:url\" content=\"https:\/\/tessitura.ch\/de\/prodotto\/puro-lino-casa-tome\/\" \/>\n<meta property=\"og:site_name\" content=\"Tessitura Valposchiavo\" \/>\n<meta property=\"article:modified_time\" content=\"2026-02-23T15:05:56+00:00\" \/>\n<meta property=\"og:image\" content=\"https:\/\/tessitura.ch\/wp-content\/uploads\/Stoffa-casa-tome-nero.jpg\" \/>\n\t<meta property=\"og:image:width\" content=\"820\" \/>\n\t<meta property=\"og:image:height\" content=\"820\" \/>\n\t<meta property=\"og:image:type\" content=\"image\/jpeg\" \/>\n<meta name=\"twitter:card\" content=\"summary_large_image\" \/>\n<meta name=\"twitter:label1\" content=\"Gesch\u00e4tzte Lesezeit\" \/>\n\t<meta name=\"twitter:data1\" content=\"1\u00a0Minute\" \/>\n<script type=\"application\/ld+json\" class=\"yoast-schema-graph\">{\"@context\":\"https:\/\/schema.org\",\"@graph\":[{\"@type\":\"WebPage\",\"@id\":\"https:\/\/tessitura.ch\/prodotto\/puro-lino-casa-tome\/\",\"url\":\"https:\/\/tessitura.ch\/prodotto\/puro-lino-casa-tome\/\",\"name\":\"Reines Leinen Casa Tom\u00e9\",\"isPartOf\":{\"@id\":\"https:\/\/tessitura.ch\/#website\"},\"primaryImageOfPage\":{\"@id\":\"https:\/\/tessitura.ch\/prodotto\/puro-lino-casa-tome\/#primaryimage\"},\"image\":{\"@id\":\"https:\/\/tessitura.ch\/prodotto\/puro-lino-casa-tome\/#primaryimage\"},\"thumbnailUrl\":\"https:\/\/tessitura.ch\/wp-content\/uploads\/Stoffa-casa-Tome-lino.jpg\",\"datePublished\":\"2024-12-12T16:56:51+00:00\",\"dateModified\":\"2026-02-23T15:05:56+00:00\",\"breadcrumb\":{\"@id\":\"https:\/\/tessitura.ch\/prodotto\/puro-lino-casa-tome\/#breadcrumb\"},\"inLanguage\":\"de-CH\",\"potentialAction\":[{\"@type\":\"ReadAction\",\"target\":[\"https:\/\/tessitura.ch\/prodotto\/puro-lino-casa-tome\/\"]}]},{\"@type\":\"ImageObject\",\"inLanguage\":\"de-CH\",\"@id\":\"https:\/\/tessitura.ch\/prodotto\/puro-lino-casa-tome\/#primaryimage\",\"url\":\"https:\/\/tessitura.ch\/wp-content\/uploads\/Stoffa-casa-Tome-lino.jpg\",\"contentUrl\":\"https:\/\/tessitura.ch\/wp-content\/uploads\/Stoffa-casa-Tome-lino.jpg\",\"width\":850,\"height\":850},{\"@type\":\"BreadcrumbList\",\"@id\":\"https:\/\/tessitura.ch\/prodotto\/puro-lino-casa-tome\/#breadcrumb\",\"itemListElement\":[{\"@type\":\"ListItem\",\"position\":1,\"name\":\"Home\",\"item\":\"https:\/\/tessitura.ch\/\"},{\"@type\":\"ListItem\",\"position\":2,\"name\":\"Prodotti\",\"item\":\"https:\/\/tessitura.ch\/prodotti\/\"},{\"@type\":\"ListItem\",\"position\":3,\"name\":\"Puro lino Casa Tom\u00e9\"}]},{\"@type\":\"WebSite\",\"@id\":\"https:\/\/tessitura.ch\/#website\",\"url\":\"https:\/\/tessitura.ch\/\",\"name\":\"Tessitura Valposchiavo\",\"description\":\"\",\"publisher\":{\"@id\":\"https:\/\/tessitura.ch\/#organization\"},\"potentialAction\":[{\"@type\":\"SearchAction\",\"target\":{\"@type\":\"EntryPoint\",\"urlTemplate\":\"https:\/\/tessitura.ch\/?s={search_term_string}\"},\"query-input\":{\"@type\":\"PropertyValueSpecification\",\"valueRequired\":true,\"valueName\":\"search_term_string\"}}],\"inLanguage\":\"de-CH\"},{\"@type\":\"Organization\",\"@id\":\"https:\/\/tessitura.ch\/#organization\",\"name\":\"Tessitura Valposchiavo\",\"url\":\"https:\/\/tessitura.ch\/\",\"logo\":{\"@type\":\"ImageObject\",\"inLanguage\":\"de-CH\",\"@id\":\"https:\/\/tessitura.ch\/#\/schema\/logo\/image\/\",\"url\":\"https:\/\/tessitura.ch\/wp-content\/uploads\/LogoTessitura_rosso-1.png\",\"contentUrl\":\"https:\/\/tessitura.ch\/wp-content\/uploads\/LogoTessitura_rosso-1.png\",\"width\":1706,\"height\":334,\"caption\":\"Tessitura Valposchiavo\"},\"image\":{\"@id\":\"https:\/\/tessitura.ch\/#\/schema\/logo\/image\/\"},\"sameAs\":[\"https:\/\/www.instagram.com\/tessituravalposchiavo\/\"]}]}<\/script>\n<!-- \/ Yoast SEO plugin. -->","yoast_head_json":{"title":"Reines Leinen Casa Tom\u00e9","robots":{"index":"index","follow":"follow","max-snippet":"max-snippet:-1","max-image-preview":"max-image-preview:large","max-video-preview":"max-video-preview:-1"},"canonical":"https:\/\/tessitura.ch\/de\/prodotto\/puro-lino-casa-tome\/","og_locale":"de_DE","og_type":"article","og_title":"[:de]Reines Leinen Casa Tom\u00e9[:it]Puro lino Casa Tom\u00e9[:] - Tessitura Valposchiavo","og_description":"Fr\u00fcher hielten Ehe und Leinen ein Leben lang. Wenn die Stoffe ausgefranst waren, wurden sie zerschnitten und wieder zusammengen\u00e4ht. Aus den verbleibenden St\u00fccken wurden Handt\u00fccher und aus diesen K\u00fcchent\u00fcchern hergestellt.  Eines dieser St\u00fccke wurde im Haus der Schwestern Luigia und Marina Tom\u00e9 gefunden. Die beiden Frauen blieben unverheiratet, verbrauchten aber ihre Aussteuer bis auf das letzte St\u00fcck Stoff. Ihr Haus ist heute ein Museum. Der wiederentdeckte Stoff wird in den R\u00e4umen unserer Weberei ausgestellt und dient als Vorlage f\u00fcr die Linie \u201eCasa Tom\u00e9\u201c. Diese Stoffe werden als Tisch- und K\u00fcchenw\u00e4sche verwendet.  Material: Reines Leinen Breite: 178 cm CHF 366.00\/Meter","og_url":"https:\/\/tessitura.ch\/de\/prodotto\/puro-lino-casa-tome\/","og_site_name":"Tessitura Valposchiavo","article_modified_time":"2026-02-23T15:05:56+00:00","og_image":[{"width":820,"height":820,"url":"https:\/\/tessitura.ch\/wp-content\/uploads\/Stoffa-casa-tome-nero.jpg","type":"image\/jpeg"}],"twitter_card":"summary_large_image","twitter_misc":{"Gesch\u00e4tzte Lesezeit":"1\u00a0Minute"},"schema":{"@context":"https:\/\/schema.org","@graph":[{"@type":"WebPage","@id":"https:\/\/tessitura.ch\/prodotto\/puro-lino-casa-tome\/","url":"https:\/\/tessitura.ch\/prodotto\/puro-lino-casa-tome\/","name":"Reines Leinen Casa Tom\u00e9","isPartOf":{"@id":"https:\/\/tessitura.ch\/#website"},"primaryImageOfPage":{"@id":"https:\/\/tessitura.ch\/prodotto\/puro-lino-casa-tome\/#primaryimage"},"image":{"@id":"https:\/\/tessitura.ch\/prodotto\/puro-lino-casa-tome\/#primaryimage"},"thumbnailUrl":"https:\/\/tessitura.ch\/wp-content\/uploads\/Stoffa-casa-Tome-lino.jpg","datePublished":"2024-12-12T16:56:51+00:00","dateModified":"2026-02-23T15:05:56+00:00","breadcrumb":{"@id":"https:\/\/tessitura.ch\/prodotto\/puro-lino-casa-tome\/#breadcrumb"},"inLanguage":"de-CH","potentialAction":[{"@type":"ReadAction","target":["https:\/\/tessitura.ch\/prodotto\/puro-lino-casa-tome\/"]}]},{"@type":"ImageObject","inLanguage":"de-CH","@id":"https:\/\/tessitura.ch\/prodotto\/puro-lino-casa-tome\/#primaryimage","url":"https:\/\/tessitura.ch\/wp-content\/uploads\/Stoffa-casa-Tome-lino.jpg","contentUrl":"https:\/\/tessitura.ch\/wp-content\/uploads\/Stoffa-casa-Tome-lino.jpg","width":850,"height":850},{"@type":"BreadcrumbList","@id":"https:\/\/tessitura.ch\/prodotto\/puro-lino-casa-tome\/#breadcrumb","itemListElement":[{"@type":"ListItem","position":1,"name":"Home","item":"https:\/\/tessitura.ch\/"},{"@type":"ListItem","position":2,"name":"Prodotti","item":"https:\/\/tessitura.ch\/prodotti\/"},{"@type":"ListItem","position":3,"name":"Puro lino Casa Tom\u00e9"}]},{"@type":"WebSite","@id":"https:\/\/tessitura.ch\/#website","url":"https:\/\/tessitura.ch\/","name":"Tessitura Valposchiavo","description":"","publisher":{"@id":"https:\/\/tessitura.ch\/#organization"},"potentialAction":[{"@type":"SearchAction","target":{"@type":"EntryPoint","urlTemplate":"https:\/\/tessitura.ch\/?s={search_term_string}"},"query-input":{"@type":"PropertyValueSpecification","valueRequired":true,"valueName":"search_term_string"}}],"inLanguage":"de-CH"},{"@type":"Organization","@id":"https:\/\/tessitura.ch\/#organization","name":"Tessitura Valposchiavo","url":"https:\/\/tessitura.ch\/","logo":{"@type":"ImageObject","inLanguage":"de-CH","@id":"https:\/\/tessitura.ch\/#\/schema\/logo\/image\/","url":"https:\/\/tessitura.ch\/wp-content\/uploads\/LogoTessitura_rosso-1.png","contentUrl":"https:\/\/tessitura.ch\/wp-content\/uploads\/LogoTessitura_rosso-1.png","width":1706,"height":334,"caption":"Tessitura Valposchiavo"},"image":{"@id":"https:\/\/tessitura.ch\/#\/schema\/logo\/image\/"},"sameAs":["https:\/\/www.instagram.com\/tessituravalposchiavo\/"]}]}},"_links":{"self":[{"href":"https:\/\/tessitura.ch\/de\/wp-json\/wp\/v2\/product\/530","targetHints":{"allow":["GET"]}}],"collection":[{"href":"https:\/\/tessitura.ch\/de\/wp-json\/wp\/v2\/product"}],"about":[{"href":"https:\/\/tessitura.ch\/de\/wp-json\/wp\/v2\/types\/product"}],"wp:featuredmedia":[{"embeddable":true,"href":"https:\/\/tessitura.ch\/de\/wp-json\/wp\/v2\/media\/667"}],"wp:attachment":[{"href":"https:\/\/tessitura.ch\/de\/wp-json\/wp\/v2\/media?parent=530"}],"wp:term":[{"taxonomy":"product_brand","embeddable":true,"href":"https:\/\/tessitura.ch\/de\/wp-json\/wp\/v2\/product_brand?post=530"},{"taxonomy":"product_cat","embeddable":true,"href":"https:\/\/tessitura.ch\/de\/wp-json\/wp\/v2\/product_cat?post=530"},{"taxonomy":"product_tag","embeddable":true,"href":"https:\/\/tessitura.ch\/de\/wp-json\/wp\/v2\/product_tag?post=530"}],"curies":[{"name":"wp","href":"https:\/\/api.w.org\/{rel}","templated":true}]}}